{"id":37,"date":"2026-02-28T19:20:48","date_gmt":"2026-02-28T18:20:48","guid":{"rendered":"https:\/\/borowkowadolina.pl\/?page_id=37"},"modified":"2026-04-12T00:17:17","modified_gmt":"2026-04-11T22:17:17","slug":"o-borowce","status":"publish","type":"page","link":"https:\/\/borowkowadolina.pl\/?page_id=37","title":{"rendered":"O bor\u00f3wce"},"content":{"rendered":"\n<p>Owoce bor\u00f3wki to nie tylko wyj\u0105tkowy smak, ale tak\u017ce bogactwo warto\u015bci od\u017cywczych. Nasze owoce dojrzewaj\u0105 naturalnie, w sprzyjaj\u0105cych warunkach, dzi\u0119ki czemu zachowuj\u0105 swoj\u0105 \u015bwie\u017co\u015b\u0107 i aromat. To idealny dodatek do codziennej diety \u2014 zdrowy, lekki i pe\u0142en witamin.<\/p>\n\n\n\n<p>Bor\u00f3wk\u0119 wyr\u00f3\u017cnia r\u00f3wnie\u017c wyj\u0105tkowo wysoka zawarto\u015b\u0107 antyoksydant\u00f3w&nbsp;\u2013 szczeg\u00f3lnie antocyjan\u00f3w. Te pot\u0119\u017cne zwi\u0105zki odpowiadaj\u0105 za wi\u0119kszo\u015b\u0107 prozdrowotnych w\u0142a\u015bciwo\u015bci bor\u00f3wki ameryka\u0144skiej. Regularne spo\u017cywanie mo\u017ce przynie\u015b\u0107 nast\u0119puj\u0105ce korzy\u015bci:<\/p>\n\n\n\n<ul class=\"wp-block-list\">\n<li>wspiera\u0107 uk\u0142ad odporno\u015bciowy,<\/li>\n\n\n\n<li>poprawia\u0107 wzrok,<\/li>\n\n\n\n<li>chroni\u0107 serce poprzez obni\u017canie poziomu utlenionego cholesterolu LDL,<\/li>\n\n\n\n<li>dzi\u0119ki b\u0142onnikowi regulowa\u0107 procesy trawienne,<\/li>\n\n\n\n<li>poprawia\u0107 pami\u0119\u0107 i koncentracj\u0119, dzi\u0119ki antycyjanom, kt\u00f3re poprawiaj\u0105 ukrwienie m\u00f3zgu.<\/li>\n\n\n\n<li>przeciwdzia\u0142a\u0107 rozwojowi cukrzycy, gdy\u017c maj\u0105 niski indeks glikemiczny. S\u0105 bezpieczne dla os\u00f3b z insulinooporno\u015bci\u0105 i cukrzyc\u0105.<\/li>\n\n\n\n<li>wysoka zawarto\u015b\u0107 przeciwutleniaczy spowalnia procesy starzenia i wykazuje w\u0142a\u015bciwo\u015bci antynowotworowe.<\/li>\n<\/ul>\n\n\n\n<p>&nbsp;<\/p>\n\n\n\n<p><\/p>\n","protected":false},"excerpt":{"rendered":"<p>Owoce bor\u00f3wki to nie tylko wyj\u0105tkowy smak, ale tak\u017ce bogactwo warto\u015bci od\u017cywczych. Nasze owoce dojrzewaj\u0105 naturalnie, w sprzyjaj\u0105cych warunkach, dzi\u0119ki czemu zachowuj\u0105 swoj\u0105 \u015bwie\u017co\u015b\u0107 i aromat. To idealny dodatek do codziennej diety \u2014 zdrowy, lekki i pe\u0142en witamin. Bor\u00f3wk\u0119 wyr\u00f3\u017cnia r\u00f3wnie\u017c wyj\u0105tkowo wysoka zawarto\u015b\u0107 antyoksydant\u00f3w&nbsp;\u2013 szczeg\u00f3lnie antocyjan\u00f3w. Te pot\u0119\u017cne zwi\u0105zki odpowiadaj\u0105 za wi\u0119kszo\u015b\u0107 prozdrowotnych w\u0142a\u015bciwo\u015bci&#8230;<\/p>\n","protected":false},"author":1,"featured_media":0,"parent":0,"menu_order":0,"comment_status":"closed","ping_status":"closed","template":"","meta":{"_eb_attr":"","_kad_post_transparent":"","_kad_post_title":"","_kad_post_layout":"","_kad_post_sidebar_id":"","_kad_post_content_style":"","_kad_post_vertical_padding":"","_kad_post_feature":"","_kad_post_feature_position":"","_kad_post_header":false,"_kad_post_footer":false,"_kad_post_classname":"","footnotes":""},"class_list":["post-37","page","type-page","status-publish","hentry"],"_links":{"self":[{"href":"https:\/\/borowkowadolina.pl\/index.php?rest_route=\/wp\/v2\/pages\/37","targetHints":{"allow":["GET"]}}],"collection":[{"href":"https:\/\/borowkowadolina.pl\/index.php?rest_route=\/wp\/v2\/pages"}],"about":[{"href":"https:\/\/borowkowadolina.pl\/index.php?rest_route=\/wp\/v2\/types\/page"}],"author":[{"embeddable":true,"href":"https:\/\/borowkowadolina.pl\/index.php?rest_route=\/wp\/v2\/users\/1"}],"replies":[{"embeddable":true,"href":"https:\/\/borowkowadolina.pl\/index.php?rest_route=%2Fwp%2Fv2%2Fcomments&post=37"}],"version-history":[{"count":9,"href":"https:\/\/borowkowadolina.pl\/index.php?rest_route=\/wp\/v2\/pages\/37\/revisions"}],"predecessor-version":[{"id":140,"href":"https:\/\/borowkowadolina.pl\/index.php?rest_route=\/wp\/v2\/pages\/37\/revisions\/140"}],"wp:attachment":[{"href":"https:\/\/borowkowadolina.pl\/index.php?rest_route=%2Fwp%2Fv2%2Fmedia&parent=37"}],"curies":[{"name":"wp","href":"https:\/\/api.w.org\/{rel}","templated":true}]}}