{"id":143,"date":"2026-04-12T00:24:28","date_gmt":"2026-04-11T22:24:28","guid":{"rendered":"https:\/\/borowkowadolina.pl\/?page_id=143"},"modified":"2026-04-12T00:25:36","modified_gmt":"2026-04-11T22:25:36","slug":"o-nas","status":"publish","type":"page","link":"https:\/\/borowkowadolina.pl\/?page_id=143","title":{"rendered":"O nas"},"content":{"rendered":"\n<p>Bor\u00f3wkowa Dolina powsta\u0142a z mi\u0142o\u015bci do natury i pasji do uprawy bor\u00f3wki. Tworzymy to miejsce z my\u015bl\u0105 o tych, kt\u00f3rzy ceni\u0105 spok\u00f3j, autentyczno\u015b\u0107 i blisko\u015b\u0107 przyrody.<\/p>\n\n\n\n<p>Ka\u017cdego dnia dbamy o jako\u015b\u0107 naszych owoc\u00f3w i atmosfer\u0119, do kt\u00f3rej chce si\u0119 wraca\u0107.<\/p>\n\n\n\n<p>&nbsp;<\/p>\n\n\n\n<p><\/p>\n","protected":false},"excerpt":{"rendered":"<p>Bor\u00f3wkowa Dolina powsta\u0142a z mi\u0142o\u015bci do natury i pasji do uprawy bor\u00f3wki. Tworzymy to miejsce z my\u015bl\u0105 o tych, kt\u00f3rzy ceni\u0105 spok\u00f3j, autentyczno\u015b\u0107 i blisko\u015b\u0107 przyrody. Ka\u017cdego dnia dbamy o jako\u015b\u0107 naszych owoc\u00f3w i atmosfer\u0119, do kt\u00f3rej chce si\u0119 wraca\u0107. &nbsp;<\/p>\n","protected":false},"author":1,"featured_media":0,"parent":0,"menu_order":0,"comment_status":"closed","ping_status":"closed","template":"","meta":{"_eb_attr":"","_kad_post_transparent":"","_kad_post_title":"","_kad_post_layout":"","_kad_post_sidebar_id":"","_kad_post_content_style":"","_kad_post_vertical_padding":"","_kad_post_feature":"","_kad_post_feature_position":"","_kad_post_header":false,"_kad_post_footer":false,"_kad_post_classname":"","footnotes":""},"class_list":["post-143","page","type-page","status-publish","hentry"],"_links":{"self":[{"href":"https:\/\/borowkowadolina.pl\/index.php?rest_route=\/wp\/v2\/pages\/143","targetHints":{"allow":["GET"]}}],"collection":[{"href":"https:\/\/borowkowadolina.pl\/index.php?rest_route=\/wp\/v2\/pages"}],"about":[{"href":"https:\/\/borowkowadolina.pl\/index.php?rest_route=\/wp\/v2\/types\/page"}],"author":[{"embeddable":true,"href":"https:\/\/borowkowadolina.pl\/index.php?rest_route=\/wp\/v2\/users\/1"}],"replies":[{"embeddable":true,"href":"https:\/\/borowkowadolina.pl\/index.php?rest_route=%2Fwp%2Fv2%2Fcomments&post=143"}],"version-history":[{"count":3,"href":"https:\/\/borowkowadolina.pl\/index.php?rest_route=\/wp\/v2\/pages\/143\/revisions"}],"predecessor-version":[{"id":147,"href":"https:\/\/borowkowadolina.pl\/index.php?rest_route=\/wp\/v2\/pages\/143\/revisions\/147"}],"wp:attachment":[{"href":"https:\/\/borowkowadolina.pl\/index.php?rest_route=%2Fwp%2Fv2%2Fmedia&parent=143"}],"curies":[{"name":"wp","href":"https:\/\/api.w.org\/{rel}","templated":true}]}}